{"id":265,"date":"2024-09-25T21:32:45","date_gmt":"2024-09-25T19:32:45","guid":{"rendered":"https:\/\/demj.bplaced.net\/wordpress\/?page_id=265"},"modified":"2024-09-26T11:15:51","modified_gmt":"2024-09-26T09:15:51","slug":"treffen-2019","status":"publish","type":"page","link":"https:\/\/demj.bplaced.net\/wordpress\/treffen-2019\/","title":{"rendered":"Treffen 2019"},"content":{"rendered":"\n<p>Beim Festakt im Landhaus waren 13 Mitsch\u00fclerInnen dabei. Zum anschlie\u00dfenden Klassentreffen im Promenadenhof kamen noch vier weitere dazu, sodass wir insgesamt 17 waren.<br>Klassenfoto mit Landeshauptmann Mag. Thomas Stelzer im Steinernen Saal des Landhauses in Linz<\/p>\n\n\n\n<figure class=\"wp-block-gallery has-nested-images columns-1 is-cropped wp-block-gallery-1 is-layout-flex wp-block-gallery-is-layout-flex\">\n<figure class=\"wp-block-image size-large\"><img loading=\"lazy\" decoding=\"async\" width=\"1000\" height=\"667\" data-id=\"266\" src=\"https:\/\/demj.bplaced.net\/wordpress\/wp-content\/uploads\/2024\/09\/5b69-HAK-Wels-mit-LH.jpg\" alt=\"\" class=\"wp-image-266\" srcset=\"https:\/\/demj.bplaced.net\/wordpress\/wp-content\/uploads\/2024\/09\/5b69-HAK-Wels-mit-LH.jpg 1000w, https:\/\/demj.bplaced.net\/wordpress\/wp-content\/uploads\/2024\/09\/5b69-HAK-Wels-mit-LH-300x200.jpg 300w, https:\/\/demj.bplaced.net\/wordpress\/wp-content\/uploads\/2024\/09\/5b69-HAK-Wels-mit-LH-768x512.jpg 768w\" sizes=\"auto, (max-width: 1000px) 100vw, 1000px\" \/><\/figure>\n\n\n\n<figure class=\"wp-block-image size-large\"><img loading=\"lazy\" decoding=\"async\" width=\"900\" height=\"594\" data-id=\"267\" src=\"https:\/\/demj.bplaced.net\/wordpress\/wp-content\/uploads\/2024\/09\/Landhaus1.jpg\" alt=\"\" class=\"wp-image-267\" srcset=\"https:\/\/demj.bplaced.net\/wordpress\/wp-content\/uploads\/2024\/09\/Landhaus1.jpg 900w, https:\/\/demj.bplaced.net\/wordpress\/wp-content\/uploads\/2024\/09\/Landhaus1-300x198.jpg 300w, https:\/\/demj.bplaced.net\/wordpress\/wp-content\/uploads\/2024\/09\/Landhaus1-768x507.jpg 768w\" sizes=\"auto, (max-width: 900px) 100vw, 900px\" \/><\/figure>\n\n\n\n<figure class=\"wp-block-image size-large\"><img loading=\"lazy\" decoding=\"async\" width=\"900\" height=\"675\" data-id=\"330\" src=\"https:\/\/demj.bplaced.net\/wordpress\/wp-content\/uploads\/2024\/09\/Landhaus2.jpg\" alt=\"\" class=\"wp-image-330\" srcset=\"https:\/\/demj.bplaced.net\/wordpress\/wp-content\/uploads\/2024\/09\/Landhaus2.jpg 900w, https:\/\/demj.bplaced.net\/wordpress\/wp-content\/uploads\/2024\/09\/Landhaus2-300x225.jpg 300w, https:\/\/demj.bplaced.net\/wordpress\/wp-content\/uploads\/2024\/09\/Landhaus2-768x576.jpg 768w\" sizes=\"auto, (max-width: 900px) 100vw, 900px\" \/><\/figure>\n\n\n\n<figure class=\"wp-block-image size-large\"><img loading=\"lazy\" decoding=\"async\" width=\"900\" height=\"675\" data-id=\"331\" src=\"https:\/\/demj.bplaced.net\/wordpress\/wp-content\/uploads\/2024\/09\/Landhaus3.jpg\" alt=\"\" class=\"wp-image-331\" srcset=\"https:\/\/demj.bplaced.net\/wordpress\/wp-content\/uploads\/2024\/09\/Landhaus3.jpg 900w, https:\/\/demj.bplaced.net\/wordpress\/wp-content\/uploads\/2024\/09\/Landhaus3-300x225.jpg 300w, https:\/\/demj.bplaced.net\/wordpress\/wp-content\/uploads\/2024\/09\/Landhaus3-768x576.jpg 768w\" sizes=\"auto, (max-width: 900px) 100vw, 900px\" \/><\/figure>\n\n\n\n<figure class=\"wp-block-image size-large\"><img loading=\"lazy\" decoding=\"async\" width=\"900\" height=\"675\" data-id=\"333\" src=\"https:\/\/demj.bplaced.net\/wordpress\/wp-content\/uploads\/2024\/09\/Promenadenhof1.jpg\" alt=\"\" class=\"wp-image-333\" srcset=\"https:\/\/demj.bplaced.net\/wordpress\/wp-content\/uploads\/2024\/09\/Promenadenhof1.jpg 900w, https:\/\/demj.bplaced.net\/wordpress\/wp-content\/uploads\/2024\/09\/Promenadenhof1-300x225.jpg 300w, https:\/\/demj.bplaced.net\/wordpress\/wp-content\/uploads\/2024\/09\/Promenadenhof1-768x576.jpg 768w\" sizes=\"auto, (max-width: 900px) 100vw, 900px\" \/><\/figure>\n\n\n\n<figure class=\"wp-block-image size-large\"><img loading=\"lazy\" decoding=\"async\" width=\"900\" height=\"675\" data-id=\"334\" src=\"https:\/\/demj.bplaced.net\/wordpress\/wp-content\/uploads\/2024\/09\/Promenadenhof2.jpg\" alt=\"\" class=\"wp-image-334\" srcset=\"https:\/\/demj.bplaced.net\/wordpress\/wp-content\/uploads\/2024\/09\/Promenadenhof2.jpg 900w, https:\/\/demj.bplaced.net\/wordpress\/wp-content\/uploads\/2024\/09\/Promenadenhof2-300x225.jpg 300w, https:\/\/demj.bplaced.net\/wordpress\/wp-content\/uploads\/2024\/09\/Promenadenhof2-768x576.jpg 768w\" sizes=\"auto, (max-width: 900px) 100vw, 900px\" \/><\/figure>\n\n\n\n<figure class=\"wp-block-image size-large\"><img loading=\"lazy\" decoding=\"async\" width=\"900\" height=\"675\" data-id=\"335\" src=\"https:\/\/demj.bplaced.net\/wordpress\/wp-content\/uploads\/2024\/09\/Promenadenhof3.jpg\" alt=\"\" class=\"wp-image-335\" srcset=\"https:\/\/demj.bplaced.net\/wordpress\/wp-content\/uploads\/2024\/09\/Promenadenhof3.jpg 900w, https:\/\/demj.bplaced.net\/wordpress\/wp-content\/uploads\/2024\/09\/Promenadenhof3-300x225.jpg 300w, https:\/\/demj.bplaced.net\/wordpress\/wp-content\/uploads\/2024\/09\/Promenadenhof3-768x576.jpg 768w\" sizes=\"auto, (max-width: 900px) 100vw, 900px\" \/><\/figure>\n\n\n\n<figure class=\"wp-block-image size-large\"><img loading=\"lazy\" decoding=\"async\" width=\"747\" height=\"560\" data-id=\"336\" src=\"https:\/\/demj.bplaced.net\/wordpress\/wp-content\/uploads\/2024\/09\/Promenadenhof4.jpg\" alt=\"\" class=\"wp-image-336\" srcset=\"https:\/\/demj.bplaced.net\/wordpress\/wp-content\/uploads\/2024\/09\/Promenadenhof4.jpg 747w, https:\/\/demj.bplaced.net\/wordpress\/wp-content\/uploads\/2024\/09\/Promenadenhof4-300x225.jpg 300w\" sizes=\"auto, (max-width: 747px) 100vw, 747px\" \/><\/figure>\n\n\n\n<figure class=\"wp-block-image size-large\"><img loading=\"lazy\" decoding=\"async\" width=\"900\" height=\"900\" data-id=\"339\" src=\"https:\/\/demj.bplaced.net\/wordpress\/wp-content\/uploads\/2024\/09\/Trude1.jpg\" alt=\"\" class=\"wp-image-339\" srcset=\"https:\/\/demj.bplaced.net\/wordpress\/wp-content\/uploads\/2024\/09\/Trude1.jpg 900w, https:\/\/demj.bplaced.net\/wordpress\/wp-content\/uploads\/2024\/09\/Trude1-300x300.jpg 300w, https:\/\/demj.bplaced.net\/wordpress\/wp-content\/uploads\/2024\/09\/Trude1-150x150.jpg 150w, https:\/\/demj.bplaced.net\/wordpress\/wp-content\/uploads\/2024\/09\/Trude1-768x768.jpg 768w\" sizes=\"auto, (max-width: 900px) 100vw, 900px\" \/><\/figure>\n\n\n\n<figure class=\"wp-block-image size-large\"><img loading=\"lazy\" decoding=\"async\" width=\"900\" height=\"900\" data-id=\"340\" src=\"https:\/\/demj.bplaced.net\/wordpress\/wp-content\/uploads\/2024\/09\/Trude2.jpg\" alt=\"\" class=\"wp-image-340\" srcset=\"https:\/\/demj.bplaced.net\/wordpress\/wp-content\/uploads\/2024\/09\/Trude2.jpg 900w, https:\/\/demj.bplaced.net\/wordpress\/wp-content\/uploads\/2024\/09\/Trude2-300x300.jpg 300w, https:\/\/demj.bplaced.net\/wordpress\/wp-content\/uploads\/2024\/09\/Trude2-150x150.jpg 150w, https:\/\/demj.bplaced.net\/wordpress\/wp-content\/uploads\/2024\/09\/Trude2-768x768.jpg 768w\" sizes=\"auto, (max-width: 900px) 100vw, 900px\" \/><\/figure>\n\n\n\n<figure class=\"wp-block-image size-large\"><img loading=\"lazy\" decoding=\"async\" width=\"900\" height=\"900\" data-id=\"341\" src=\"https:\/\/demj.bplaced.net\/wordpress\/wp-content\/uploads\/2024\/09\/Trude3.jpg\" alt=\"\" class=\"wp-image-341\" srcset=\"https:\/\/demj.bplaced.net\/wordpress\/wp-content\/uploads\/2024\/09\/Trude3.jpg 900w, https:\/\/demj.bplaced.net\/wordpress\/wp-content\/uploads\/2024\/09\/Trude3-300x300.jpg 300w, https:\/\/demj.bplaced.net\/wordpress\/wp-content\/uploads\/2024\/09\/Trude3-150x150.jpg 150w, https:\/\/demj.bplaced.net\/wordpress\/wp-content\/uploads\/2024\/09\/Trude3-768x768.jpg 768w\" sizes=\"auto, (max-width: 900px) 100vw, 900px\" \/><\/figure>\n\n\n\n<figure class=\"wp-block-image size-large\"><img loading=\"lazy\" decoding=\"async\" width=\"900\" height=\"900\" data-id=\"342\" src=\"https:\/\/demj.bplaced.net\/wordpress\/wp-content\/uploads\/2024\/09\/Trude4.jpg\" alt=\"\" class=\"wp-image-342\" srcset=\"https:\/\/demj.bplaced.net\/wordpress\/wp-content\/uploads\/2024\/09\/Trude4.jpg 900w, https:\/\/demj.bplaced.net\/wordpress\/wp-content\/uploads\/2024\/09\/Trude4-300x300.jpg 300w, https:\/\/demj.bplaced.net\/wordpress\/wp-content\/uploads\/2024\/09\/Trude4-150x150.jpg 150w, https:\/\/demj.bplaced.net\/wordpress\/wp-content\/uploads\/2024\/09\/Trude4-768x768.jpg 768w\" sizes=\"auto, (max-width: 900px) 100vw, 900px\" \/><\/figure>\n\n\n\n<figure class=\"wp-block-image size-large\"><img loading=\"lazy\" decoding=\"async\" width=\"900\" height=\"900\" data-id=\"343\" src=\"https:\/\/demj.bplaced.net\/wordpress\/wp-content\/uploads\/2024\/09\/Trude5.jpg\" alt=\"\" class=\"wp-image-343\" srcset=\"https:\/\/demj.bplaced.net\/wordpress\/wp-content\/uploads\/2024\/09\/Trude5.jpg 900w, https:\/\/demj.bplaced.net\/wordpress\/wp-content\/uploads\/2024\/09\/Trude5-300x300.jpg 300w, https:\/\/demj.bplaced.net\/wordpress\/wp-content\/uploads\/2024\/09\/Trude5-150x150.jpg 150w, https:\/\/demj.bplaced.net\/wordpress\/wp-content\/uploads\/2024\/09\/Trude5-768x768.jpg 768w\" sizes=\"auto, (max-width: 900px) 100vw, 900px\" \/><\/figure>\n\n\n\n<figure class=\"wp-block-image size-large\"><img loading=\"lazy\" decoding=\"async\" width=\"900\" height=\"900\" data-id=\"344\" src=\"https:\/\/demj.bplaced.net\/wordpress\/wp-content\/uploads\/2024\/09\/Trude6.jpg\" alt=\"\" class=\"wp-image-344\" srcset=\"https:\/\/demj.bplaced.net\/wordpress\/wp-content\/uploads\/2024\/09\/Trude6.jpg 900w, https:\/\/demj.bplaced.net\/wordpress\/wp-content\/uploads\/2024\/09\/Trude6-300x300.jpg 300w, https:\/\/demj.bplaced.net\/wordpress\/wp-content\/uploads\/2024\/09\/Trude6-150x150.jpg 150w, https:\/\/demj.bplaced.net\/wordpress\/wp-content\/uploads\/2024\/09\/Trude6-768x768.jpg 768w\" sizes=\"auto, (max-width: 900px) 100vw, 900px\" \/><\/figure>\n\n\n\n<figure class=\"wp-block-image size-large\"><img loading=\"lazy\" decoding=\"async\" width=\"900\" height=\"900\" data-id=\"345\" src=\"https:\/\/demj.bplaced.net\/wordpress\/wp-content\/uploads\/2024\/09\/Trude7.jpg\" alt=\"\" class=\"wp-image-345\" srcset=\"https:\/\/demj.bplaced.net\/wordpress\/wp-content\/uploads\/2024\/09\/Trude7.jpg 900w, https:\/\/demj.bplaced.net\/wordpress\/wp-content\/uploads\/2024\/09\/Trude7-300x300.jpg 300w, https:\/\/demj.bplaced.net\/wordpress\/wp-content\/uploads\/2024\/09\/Trude7-150x150.jpg 150w, https:\/\/demj.bplaced.net\/wordpress\/wp-content\/uploads\/2024\/09\/Trude7-768x768.jpg 768w\" sizes=\"auto, (max-width: 900px) 100vw, 900px\" \/><\/figure>\n\n\n\n<figure class=\"wp-block-image size-large\"><img loading=\"lazy\" decoding=\"async\" width=\"900\" height=\"506\" data-id=\"337\" src=\"https:\/\/demj.bplaced.net\/wordpress\/wp-content\/uploads\/2024\/09\/Hummer1.jpg\" alt=\"\" class=\"wp-image-337\" srcset=\"https:\/\/demj.bplaced.net\/wordpress\/wp-content\/uploads\/2024\/09\/Hummer1.jpg 900w, https:\/\/demj.bplaced.net\/wordpress\/wp-content\/uploads\/2024\/09\/Hummer1-300x169.jpg 300w, https:\/\/demj.bplaced.net\/wordpress\/wp-content\/uploads\/2024\/09\/Hummer1-768x432.jpg 768w\" sizes=\"auto, (max-width: 900px) 100vw, 900px\" \/><\/figure>\n\n\n\n<figure class=\"wp-block-image size-large\"><img loading=\"lazy\" decoding=\"async\" width=\"900\" height=\"437\" data-id=\"348\" src=\"https:\/\/demj.bplaced.net\/wordpress\/wp-content\/uploads\/2024\/09\/Pauli1.jpg\" alt=\"\" class=\"wp-image-348\" srcset=\"https:\/\/demj.bplaced.net\/wordpress\/wp-content\/uploads\/2024\/09\/Pauli1.jpg 900w, https:\/\/demj.bplaced.net\/wordpress\/wp-content\/uploads\/2024\/09\/Pauli1-300x146.jpg 300w, https:\/\/demj.bplaced.net\/wordpress\/wp-content\/uploads\/2024\/09\/Pauli1-768x373.jpg 768w\" sizes=\"auto, (max-width: 900px) 100vw, 900px\" \/><\/figure>\n\n\n\n<figure class=\"wp-block-image size-large\"><img loading=\"lazy\" decoding=\"async\" width=\"900\" height=\"675\" data-id=\"338\" src=\"https:\/\/demj.bplaced.net\/wordpress\/wp-content\/uploads\/2024\/09\/Pauli2.jpg\" alt=\"\" class=\"wp-image-338\" srcset=\"https:\/\/demj.bplaced.net\/wordpress\/wp-content\/uploads\/2024\/09\/Pauli2.jpg 900w, https:\/\/demj.bplaced.net\/wordpress\/wp-content\/uploads\/2024\/09\/Pauli2-300x225.jpg 300w, https:\/\/demj.bplaced.net\/wordpress\/wp-content\/uploads\/2024\/09\/Pauli2-768x576.jpg 768w\" sizes=\"auto, (max-width: 900px) 100vw, 900px\" \/><\/figure>\n<\/figure>\n\n\n\n<p>Jenen, die aus gesundheitlichen Gr\u00fcnden nicht kommen konnten, w\u00fcnschen wir baldige Genesung. Das n\u00e4chste Treffen wird schon in zwei Jahren stattfinden. Da hoffen wir, dass alle kommen k\u00f6nnen.<\/p>\n\n\n\n<p>Paul Bogner konnte am Treffen nicht teilnehmen, weil er gerade auf dem Segelschiff Sedov vor der franz\u00f6sischen Atlantikk\u00fcste in der Gegend von Rouen und Le Havre unterwegs war. Unser &#8222;Seeb\u00e4r&#8220; l\u00e4sst alle per Whatsapp lieb gr\u00fc\u00dfen!<\/p>\n\n\n\n<p><\/p>\n","protected":false},"excerpt":{"rendered":"<p>Beim Festakt im Landhaus waren 13 Mitsch\u00fclerInnen dabei. Zum anschlie\u00dfenden Klassentreffen im Promenadenhof kamen noch vier weitere dazu, sodass wir insgesamt 17 waren.Klassenfoto mit Landeshauptmann Mag. Thomas Stelzer im Steinernen Saal des Landhauses in Linz Jenen, die aus gesundheitlichen Gr\u00fcnden nicht kommen konnten, w\u00fcnschen wir baldige Genesung. Das n\u00e4chste Treffen wird schon in zwei Jahren [&hellip;]<\/p>\n","protected":false},"author":1,"featured_media":0,"parent":0,"menu_order":0,"comment_status":"closed","ping_status":"closed","template":"","meta":{"footnotes":""},"class_list":["post-265","page","type-page","status-publish","hentry"],"_links":{"self":[{"href":"https:\/\/demj.bplaced.net\/wordpress\/wp-json\/wp\/v2\/pages\/265","targetHints":{"allow":["GET"]}}],"collection":[{"href":"https:\/\/demj.bplaced.net\/wordpress\/wp-json\/wp\/v2\/pages"}],"about":[{"href":"https:\/\/demj.bplaced.net\/wordpress\/wp-json\/wp\/v2\/types\/page"}],"author":[{"embeddable":true,"href":"https:\/\/demj.bplaced.net\/wordpress\/wp-json\/wp\/v2\/users\/1"}],"replies":[{"embeddable":true,"href":"https:\/\/demj.bplaced.net\/wordpress\/wp-json\/wp\/v2\/comments?post=265"}],"version-history":[{"count":5,"href":"https:\/\/demj.bplaced.net\/wordpress\/wp-json\/wp\/v2\/pages\/265\/revisions"}],"predecessor-version":[{"id":351,"href":"https:\/\/demj.bplaced.net\/wordpress\/wp-json\/wp\/v2\/pages\/265\/revisions\/351"}],"wp:attachment":[{"href":"https:\/\/demj.bplaced.net\/wordpress\/wp-json\/wp\/v2\/media?parent=265"}],"curies":[{"name":"wp","href":"https:\/\/api.w.org\/{rel}","templated":true}]}}