{"id":27,"date":"2024-09-24T22:12:55","date_gmt":"2024-09-24T20:12:55","guid":{"rendered":"https:\/\/demj.bplaced.net\/wordpress\/?page_id=27"},"modified":"2026-01-10T15:08:13","modified_gmt":"2026-01-10T14:08:13","slug":"maturafoto-2","status":"publish","type":"page","link":"https:\/\/demj.bplaced.net\/wordpress\/maturafoto-2\/","title":{"rendered":"Maturafoto"},"content":{"rendered":"\n<figure class=\"wp-block-image size-full is-style-default\"><a href=\"https:\/\/demj.bplaced.net\/wordpress\/wp-content\/uploads\/2024\/09\/Maturafoto-breit.png\"><img loading=\"lazy\" decoding=\"async\" width=\"1772\" height=\"613\" src=\"https:\/\/demj.bplaced.net\/wordpress\/wp-content\/uploads\/2024\/09\/Maturafoto-breit.png\" alt=\"\" class=\"wp-image-24\" srcset=\"https:\/\/demj.bplaced.net\/wordpress\/wp-content\/uploads\/2024\/09\/Maturafoto-breit.png 1772w, https:\/\/demj.bplaced.net\/wordpress\/wp-content\/uploads\/2024\/09\/Maturafoto-breit-300x104.png 300w, https:\/\/demj.bplaced.net\/wordpress\/wp-content\/uploads\/2024\/09\/Maturafoto-breit-1024x354.png 1024w, https:\/\/demj.bplaced.net\/wordpress\/wp-content\/uploads\/2024\/09\/Maturafoto-breit-768x266.png 768w, https:\/\/demj.bplaced.net\/wordpress\/wp-content\/uploads\/2024\/09\/Maturafoto-breit-1536x531.png 1536w\" sizes=\"auto, (max-width: 1772px) 100vw, 1772px\" \/><\/a><\/figure>\n\n\n\n<p>1. Reihe sitzend: Prof. Dr. Molterer, Prof. Dr. H\u00fcfner, Prof. Dietrich, Prof. Dr. Wei\u00df, Direktor Schubert, Prof. G\u00f6\u00dfl, Prof. Felbermair, Prof. Hackl<br>2. Reihe: Prof. Stoiber, Kres Johanna, Voglmayr Renate, Dallinger Marianne, Thellmann Brigitte, Prof. Dr. Novzari, Prof. Dr. Ecker<br>3. Reihe: Hagm\u00fcller Ingrid, Roitinger Margit, Stegner Gertraud, Eiblhuber Gertrude, Wiesinger Gertrud, Wagner Margit, Traunwieser Josefa, Jahoda Hans<br>4. Reihe: Petershofer Friedrich, Reiter Ernst, Bogner Paul, Hummer Wolfgang, Rill Walter, Demelmair Johann, Lauber Johann, Lang Viktor, Aumeir Helmut<br>Nicht auf dem Foto: Beisteiner Edeltraud, Loderbauer Fritz, P\u00fchringer Friedrich<\/p>\n\n\n\n<p><\/p>\n","protected":false},"excerpt":{"rendered":"<p>1. Reihe sitzend: Prof. Dr. Molterer, Prof. Dr. H\u00fcfner, Prof. Dietrich, Prof. Dr. Wei\u00df, Direktor Schubert, Prof. G\u00f6\u00dfl, Prof. Felbermair, Prof. Hackl2. Reihe: Prof. Stoiber, Kres Johanna, Voglmayr Renate, Dallinger Marianne, Thellmann Brigitte, Prof. Dr. Novzari, Prof. Dr. Ecker3. Reihe: Hagm\u00fcller Ingrid, Roitinger Margit, Stegner Gertraud, Eiblhuber Gertrude, Wiesinger Gertrud, Wagner Margit, Traunwieser Josefa, Jahoda [&hellip;]<\/p>\n","protected":false},"author":1,"featured_media":0,"parent":0,"menu_order":0,"comment_status":"closed","ping_status":"closed","template":"","meta":{"footnotes":""},"class_list":["post-27","page","type-page","status-publish","hentry"],"_links":{"self":[{"href":"https:\/\/demj.bplaced.net\/wordpress\/wp-json\/wp\/v2\/pages\/27","targetHints":{"allow":["GET"]}}],"collection":[{"href":"https:\/\/demj.bplaced.net\/wordpress\/wp-json\/wp\/v2\/pages"}],"about":[{"href":"https:\/\/demj.bplaced.net\/wordpress\/wp-json\/wp\/v2\/types\/page"}],"author":[{"embeddable":true,"href":"https:\/\/demj.bplaced.net\/wordpress\/wp-json\/wp\/v2\/users\/1"}],"replies":[{"embeddable":true,"href":"https:\/\/demj.bplaced.net\/wordpress\/wp-json\/wp\/v2\/comments?post=27"}],"version-history":[{"count":12,"href":"https:\/\/demj.bplaced.net\/wordpress\/wp-json\/wp\/v2\/pages\/27\/revisions"}],"predecessor-version":[{"id":515,"href":"https:\/\/demj.bplaced.net\/wordpress\/wp-json\/wp\/v2\/pages\/27\/revisions\/515"}],"wp:attachment":[{"href":"https:\/\/demj.bplaced.net\/wordpress\/wp-json\/wp\/v2\/media?parent=27"}],"curies":[{"name":"wp","href":"https:\/\/api.w.org\/{rel}","templated":true}]}}