{"id":323,"date":"2024-09-26T10:02:51","date_gmt":"2024-09-26T08:02:51","guid":{"rendered":"https:\/\/demj.bplaced.net\/wordpress\/?page_id=323"},"modified":"2024-09-26T10:02:51","modified_gmt":"2024-09-26T08:02:51","slug":"maturafilm","status":"publish","type":"page","link":"https:\/\/demj.bplaced.net\/wordpress\/maturafilm\/","title":{"rendered":"Maturafilm"},"content":{"rendered":"\n<figure class=\"wp-block-image size-full\"><img loading=\"lazy\" decoding=\"async\" width=\"256\" height=\"300\" src=\"https:\/\/demj.bplaced.net\/wordpress\/wp-content\/uploads\/2024\/09\/JahodaHans-1.png\" alt=\"\" class=\"wp-image-324\"\/><\/figure>\n\n\n\n<p>Dank unseres Mitsch\u00fclers Hans Jahoda verf\u00fcgt die Klasse \u00fcber ein einzigartiges Dokument aus der Schulzeit. Er drehte mit gro\u00dfem Engagement und viel M\u00fche unseren Maturafilm. Daf\u00fcr sind wir ihm zu gro\u00dfem Dank verpflichtet.<\/p>\n\n\n\n<p><a href=\"https:\/\/youtu.be\/fSpSCdktWMA\" target=\"_blank\" rel=\"noreferrer noopener\">Maturafilm Teil 1<\/a><\/p>\n\n\n\n<p><a href=\"https:\/\/youtu.be\/GYAas1fJnKc\" target=\"_blank\" rel=\"noreferrer noopener\">Maturafilm Teil 2<\/a><\/p>\n\n\n\n<p><a href=\"https:\/\/youtu.be\/ehiXfCqY44A\" target=\"_blank\" rel=\"noreferrer noopener\">Maturafilm Teil 3<\/a><\/p>\n\n\n\n<p><\/p>\n","protected":false},"excerpt":{"rendered":"<p>Dank unseres Mitsch\u00fclers Hans Jahoda verf\u00fcgt die Klasse \u00fcber ein einzigartiges Dokument aus der Schulzeit. Er drehte mit gro\u00dfem Engagement und viel M\u00fche unseren Maturafilm. Daf\u00fcr sind wir ihm zu gro\u00dfem Dank verpflichtet. Maturafilm Teil 1 Maturafilm Teil 2 Maturafilm Teil 3<\/p>\n","protected":false},"author":1,"featured_media":0,"parent":0,"menu_order":0,"comment_status":"closed","ping_status":"closed","template":"","meta":{"footnotes":""},"class_list":["post-323","page","type-page","status-publish","hentry"],"_links":{"self":[{"href":"https:\/\/demj.bplaced.net\/wordpress\/wp-json\/wp\/v2\/pages\/323","targetHints":{"allow":["GET"]}}],"collection":[{"href":"https:\/\/demj.bplaced.net\/wordpress\/wp-json\/wp\/v2\/pages"}],"about":[{"href":"https:\/\/demj.bplaced.net\/wordpress\/wp-json\/wp\/v2\/types\/page"}],"author":[{"embeddable":true,"href":"https:\/\/demj.bplaced.net\/wordpress\/wp-json\/wp\/v2\/users\/1"}],"replies":[{"embeddable":true,"href":"https:\/\/demj.bplaced.net\/wordpress\/wp-json\/wp\/v2\/comments?post=323"}],"version-history":[{"count":1,"href":"https:\/\/demj.bplaced.net\/wordpress\/wp-json\/wp\/v2\/pages\/323\/revisions"}],"predecessor-version":[{"id":325,"href":"https:\/\/demj.bplaced.net\/wordpress\/wp-json\/wp\/v2\/pages\/323\/revisions\/325"}],"wp:attachment":[{"href":"https:\/\/demj.bplaced.net\/wordpress\/wp-json\/wp\/v2\/media?parent=323"}],"curies":[{"name":"wp","href":"https:\/\/api.w.org\/{rel}","templated":true}]}}