{"id":434,"date":"2024-10-16T11:09:50","date_gmt":"2024-10-16T09:09:50","guid":{"rendered":"https:\/\/demj.bplaced.net\/wordpress\/?page_id=434"},"modified":"2024-10-23T12:25:31","modified_gmt":"2024-10-23T10:25:31","slug":"treffen-2024","status":"publish","type":"page","link":"https:\/\/demj.bplaced.net\/wordpress\/treffen-2024\/","title":{"rendered":"Treffen 2024"},"content":{"rendered":"\n<p>Auf dem ersten Foto sind jene abgebildet, die am Treffen am 17. Oktober 2024 im Gasthaus Irger in Wels teilgenommen haben. Sie gr\u00fc\u00dfen all jene, die nicht teilnehmen konnten und w\u00fcnschen ihnen alles Gute! Fotos k\u00f6nnen durch Klicken oder Tippen darauf vergr\u00f6\u00dfert werden.<\/p>\n\n\n\n<figure class=\"wp-block-gallery has-nested-images columns-1 is-cropped wp-block-gallery-1 is-layout-flex wp-block-gallery-is-layout-flex\">\n<figure class=\"wp-block-image size-large\"><a href=\"https:\/\/demj.bplaced.net\/wordpress\/wp-content\/uploads\/2024\/10\/Treffen-2024.jpg\"><img loading=\"lazy\" decoding=\"async\" width=\"1024\" height=\"675\" data-id=\"467\" src=\"https:\/\/demj.bplaced.net\/wordpress\/wp-content\/uploads\/2024\/10\/Treffen-2024-1024x675.jpg\" alt=\"\" class=\"wp-image-467\" srcset=\"https:\/\/demj.bplaced.net\/wordpress\/wp-content\/uploads\/2024\/10\/Treffen-2024-1024x675.jpg 1024w, https:\/\/demj.bplaced.net\/wordpress\/wp-content\/uploads\/2024\/10\/Treffen-2024-300x198.jpg 300w, https:\/\/demj.bplaced.net\/wordpress\/wp-content\/uploads\/2024\/10\/Treffen-2024-768x506.jpg 768w, https:\/\/demj.bplaced.net\/wordpress\/wp-content\/uploads\/2024\/10\/Treffen-2024-1536x1012.jpg 1536w, https:\/\/demj.bplaced.net\/wordpress\/wp-content\/uploads\/2024\/10\/Treffen-2024-2048x1349.jpg 2048w\" sizes=\"auto, (max-width: 1024px) 100vw, 1024px\" \/><\/a><\/figure>\n\n\n\n<figure class=\"wp-block-image size-large\"><a href=\"https:\/\/demj.bplaced.net\/wordpress\/wp-content\/uploads\/2024\/10\/Treiblmeier-1.jpg\"><img loading=\"lazy\" decoding=\"async\" width=\"1024\" height=\"715\" data-id=\"447\" src=\"https:\/\/demj.bplaced.net\/wordpress\/wp-content\/uploads\/2024\/10\/Treiblmeier-1-1024x715.jpg\" alt=\"\" class=\"wp-image-447\" srcset=\"https:\/\/demj.bplaced.net\/wordpress\/wp-content\/uploads\/2024\/10\/Treiblmeier-1-1024x715.jpg 1024w, https:\/\/demj.bplaced.net\/wordpress\/wp-content\/uploads\/2024\/10\/Treiblmeier-1-300x210.jpg 300w, https:\/\/demj.bplaced.net\/wordpress\/wp-content\/uploads\/2024\/10\/Treiblmeier-1-768x537.jpg 768w, https:\/\/demj.bplaced.net\/wordpress\/wp-content\/uploads\/2024\/10\/Treiblmeier-1.jpg 1500w\" sizes=\"auto, (max-width: 1024px) 100vw, 1024px\" \/><\/a><\/figure>\n\n\n\n<figure class=\"wp-block-image size-large\"><a href=\"https:\/\/demj.bplaced.net\/wordpress\/wp-content\/uploads\/2024\/10\/Demelmair-2.jpeg\"><img loading=\"lazy\" decoding=\"async\" width=\"1024\" height=\"768\" data-id=\"451\" src=\"https:\/\/demj.bplaced.net\/wordpress\/wp-content\/uploads\/2024\/10\/Demelmair-2-1024x768.jpeg\" alt=\"\" class=\"wp-image-451\" srcset=\"https:\/\/demj.bplaced.net\/wordpress\/wp-content\/uploads\/2024\/10\/Demelmair-2-1024x768.jpeg 1024w, https:\/\/demj.bplaced.net\/wordpress\/wp-content\/uploads\/2024\/10\/Demelmair-2-300x225.jpeg 300w, https:\/\/demj.bplaced.net\/wordpress\/wp-content\/uploads\/2024\/10\/Demelmair-2-768x576.jpeg 768w, https:\/\/demj.bplaced.net\/wordpress\/wp-content\/uploads\/2024\/10\/Demelmair-2-1536x1152.jpeg 1536w, https:\/\/demj.bplaced.net\/wordpress\/wp-content\/uploads\/2024\/10\/Demelmair-2.jpeg 2048w\" sizes=\"auto, (max-width: 1024px) 100vw, 1024px\" \/><\/a><\/figure>\n\n\n\n<figure class=\"wp-block-image size-large\"><a href=\"https:\/\/demj.bplaced.net\/wordpress\/wp-content\/uploads\/2024\/10\/Demelmair-1.jpeg\"><img loading=\"lazy\" decoding=\"async\" width=\"1024\" height=\"768\" data-id=\"450\" src=\"https:\/\/demj.bplaced.net\/wordpress\/wp-content\/uploads\/2024\/10\/Demelmair-1-1024x768.jpeg\" alt=\"\" class=\"wp-image-450\" srcset=\"https:\/\/demj.bplaced.net\/wordpress\/wp-content\/uploads\/2024\/10\/Demelmair-1-1024x768.jpeg 1024w, https:\/\/demj.bplaced.net\/wordpress\/wp-content\/uploads\/2024\/10\/Demelmair-1-300x225.jpeg 300w, https:\/\/demj.bplaced.net\/wordpress\/wp-content\/uploads\/2024\/10\/Demelmair-1-768x576.jpeg 768w, https:\/\/demj.bplaced.net\/wordpress\/wp-content\/uploads\/2024\/10\/Demelmair-1-1536x1152.jpeg 1536w, https:\/\/demj.bplaced.net\/wordpress\/wp-content\/uploads\/2024\/10\/Demelmair-1.jpeg 2048w\" sizes=\"auto, (max-width: 1024px) 100vw, 1024px\" \/><\/a><\/figure>\n\n\n\n<figure class=\"wp-block-image size-large\"><a href=\"https:\/\/demj.bplaced.net\/wordpress\/wp-content\/uploads\/2024\/10\/Trude6-scaled.jpg\"><img loading=\"lazy\" decoding=\"async\" width=\"1024\" height=\"768\" data-id=\"461\" src=\"https:\/\/demj.bplaced.net\/wordpress\/wp-content\/uploads\/2024\/10\/Trude6-1024x768.jpg\" alt=\"\" class=\"wp-image-461\" srcset=\"https:\/\/demj.bplaced.net\/wordpress\/wp-content\/uploads\/2024\/10\/Trude6-1024x768.jpg 1024w, https:\/\/demj.bplaced.net\/wordpress\/wp-content\/uploads\/2024\/10\/Trude6-300x225.jpg 300w, https:\/\/demj.bplaced.net\/wordpress\/wp-content\/uploads\/2024\/10\/Trude6-768x576.jpg 768w, https:\/\/demj.bplaced.net\/wordpress\/wp-content\/uploads\/2024\/10\/Trude6-1536x1152.jpg 1536w, https:\/\/demj.bplaced.net\/wordpress\/wp-content\/uploads\/2024\/10\/Trude6-2048x1536.jpg 2048w\" sizes=\"auto, (max-width: 1024px) 100vw, 1024px\" \/><\/a><\/figure>\n<\/figure>\n\n\n\n<figure class=\"wp-block-gallery has-nested-images columns-2 is-cropped wp-block-gallery-2 is-layout-flex wp-block-gallery-is-layout-flex\">\n<figure class=\"wp-block-image size-large\"><a href=\"https:\/\/demj.bplaced.net\/wordpress\/wp-content\/uploads\/2024\/10\/Trude1-scaled.jpg\"><img loading=\"lazy\" decoding=\"async\" width=\"768\" height=\"1024\" data-id=\"456\" src=\"https:\/\/demj.bplaced.net\/wordpress\/wp-content\/uploads\/2024\/10\/Trude1-768x1024.jpg\" alt=\"\" class=\"wp-image-456\" srcset=\"https:\/\/demj.bplaced.net\/wordpress\/wp-content\/uploads\/2024\/10\/Trude1-768x1024.jpg 768w, https:\/\/demj.bplaced.net\/wordpress\/wp-content\/uploads\/2024\/10\/Trude1-225x300.jpg 225w, https:\/\/demj.bplaced.net\/wordpress\/wp-content\/uploads\/2024\/10\/Trude1-1152x1536.jpg 1152w, https:\/\/demj.bplaced.net\/wordpress\/wp-content\/uploads\/2024\/10\/Trude1-1536x2048.jpg 1536w, https:\/\/demj.bplaced.net\/wordpress\/wp-content\/uploads\/2024\/10\/Trude1-scaled.jpg 1920w\" sizes=\"auto, (max-width: 768px) 100vw, 768px\" \/><\/a><\/figure>\n\n\n\n<figure class=\"wp-block-image size-large\"><a href=\"https:\/\/demj.bplaced.net\/wordpress\/wp-content\/uploads\/2024\/10\/Trude2-scaled.jpg\"><img loading=\"lazy\" decoding=\"async\" width=\"768\" height=\"1024\" data-id=\"457\" src=\"https:\/\/demj.bplaced.net\/wordpress\/wp-content\/uploads\/2024\/10\/Trude2-768x1024.jpg\" alt=\"\" class=\"wp-image-457\" srcset=\"https:\/\/demj.bplaced.net\/wordpress\/wp-content\/uploads\/2024\/10\/Trude2-768x1024.jpg 768w, https:\/\/demj.bplaced.net\/wordpress\/wp-content\/uploads\/2024\/10\/Trude2-225x300.jpg 225w, https:\/\/demj.bplaced.net\/wordpress\/wp-content\/uploads\/2024\/10\/Trude2-1152x1536.jpg 1152w, https:\/\/demj.bplaced.net\/wordpress\/wp-content\/uploads\/2024\/10\/Trude2-1536x2048.jpg 1536w, https:\/\/demj.bplaced.net\/wordpress\/wp-content\/uploads\/2024\/10\/Trude2-scaled.jpg 1920w\" sizes=\"auto, (max-width: 768px) 100vw, 768px\" \/><\/a><\/figure>\n\n\n\n<figure class=\"wp-block-image size-large\"><a href=\"https:\/\/demj.bplaced.net\/wordpress\/wp-content\/uploads\/2024\/10\/Trude3-scaled.jpg\"><img loading=\"lazy\" decoding=\"async\" width=\"768\" height=\"1024\" data-id=\"458\" src=\"https:\/\/demj.bplaced.net\/wordpress\/wp-content\/uploads\/2024\/10\/Trude3-768x1024.jpg\" alt=\"\" class=\"wp-image-458\" srcset=\"https:\/\/demj.bplaced.net\/wordpress\/wp-content\/uploads\/2024\/10\/Trude3-768x1024.jpg 768w, https:\/\/demj.bplaced.net\/wordpress\/wp-content\/uploads\/2024\/10\/Trude3-225x300.jpg 225w, https:\/\/demj.bplaced.net\/wordpress\/wp-content\/uploads\/2024\/10\/Trude3-1152x1536.jpg 1152w, https:\/\/demj.bplaced.net\/wordpress\/wp-content\/uploads\/2024\/10\/Trude3-1536x2048.jpg 1536w, https:\/\/demj.bplaced.net\/wordpress\/wp-content\/uploads\/2024\/10\/Trude3-scaled.jpg 1920w\" sizes=\"auto, (max-width: 768px) 100vw, 768px\" \/><\/a><\/figure>\n\n\n\n<figure class=\"wp-block-image size-large\"><a href=\"https:\/\/demj.bplaced.net\/wordpress\/wp-content\/uploads\/2024\/10\/Trude4-scaled.jpg\"><img loading=\"lazy\" decoding=\"async\" width=\"768\" height=\"1024\" data-id=\"459\" src=\"https:\/\/demj.bplaced.net\/wordpress\/wp-content\/uploads\/2024\/10\/Trude4-768x1024.jpg\" alt=\"\" class=\"wp-image-459\" srcset=\"https:\/\/demj.bplaced.net\/wordpress\/wp-content\/uploads\/2024\/10\/Trude4-768x1024.jpg 768w, https:\/\/demj.bplaced.net\/wordpress\/wp-content\/uploads\/2024\/10\/Trude4-225x300.jpg 225w, https:\/\/demj.bplaced.net\/wordpress\/wp-content\/uploads\/2024\/10\/Trude4-1152x1536.jpg 1152w, https:\/\/demj.bplaced.net\/wordpress\/wp-content\/uploads\/2024\/10\/Trude4-1536x2048.jpg 1536w, https:\/\/demj.bplaced.net\/wordpress\/wp-content\/uploads\/2024\/10\/Trude4-scaled.jpg 1920w\" sizes=\"auto, (max-width: 768px) 100vw, 768px\" \/><\/a><\/figure>\n\n\n\n<figure class=\"wp-block-image size-large\"><a href=\"https:\/\/demj.bplaced.net\/wordpress\/wp-content\/uploads\/2024\/10\/Trude7-scaled.jpg\"><img loading=\"lazy\" decoding=\"async\" width=\"768\" height=\"1024\" data-id=\"462\" src=\"https:\/\/demj.bplaced.net\/wordpress\/wp-content\/uploads\/2024\/10\/Trude7-768x1024.jpg\" alt=\"\" class=\"wp-image-462\" srcset=\"https:\/\/demj.bplaced.net\/wordpress\/wp-content\/uploads\/2024\/10\/Trude7-768x1024.jpg 768w, https:\/\/demj.bplaced.net\/wordpress\/wp-content\/uploads\/2024\/10\/Trude7-225x300.jpg 225w, https:\/\/demj.bplaced.net\/wordpress\/wp-content\/uploads\/2024\/10\/Trude7-1152x1536.jpg 1152w, https:\/\/demj.bplaced.net\/wordpress\/wp-content\/uploads\/2024\/10\/Trude7-1536x2048.jpg 1536w, https:\/\/demj.bplaced.net\/wordpress\/wp-content\/uploads\/2024\/10\/Trude7-scaled.jpg 1920w\" sizes=\"auto, (max-width: 768px) 100vw, 768px\" \/><\/a><\/figure>\n\n\n\n<figure class=\"wp-block-image size-large\"><a href=\"https:\/\/demj.bplaced.net\/wordpress\/wp-content\/uploads\/2024\/10\/Trude5-scaled.jpg\"><img loading=\"lazy\" decoding=\"async\" width=\"768\" height=\"1024\" data-id=\"460\" src=\"https:\/\/demj.bplaced.net\/wordpress\/wp-content\/uploads\/2024\/10\/Trude5-768x1024.jpg\" alt=\"\" class=\"wp-image-460\" srcset=\"https:\/\/demj.bplaced.net\/wordpress\/wp-content\/uploads\/2024\/10\/Trude5-768x1024.jpg 768w, https:\/\/demj.bplaced.net\/wordpress\/wp-content\/uploads\/2024\/10\/Trude5-225x300.jpg 225w, https:\/\/demj.bplaced.net\/wordpress\/wp-content\/uploads\/2024\/10\/Trude5-1152x1536.jpg 1152w, https:\/\/demj.bplaced.net\/wordpress\/wp-content\/uploads\/2024\/10\/Trude5-1536x2048.jpg 1536w, https:\/\/demj.bplaced.net\/wordpress\/wp-content\/uploads\/2024\/10\/Trude5-scaled.jpg 1920w\" sizes=\"auto, (max-width: 768px) 100vw, 768px\" \/><\/a><\/figure>\n<\/figure>\n\n\n\n<p><strong>Wolfgang Hummer<\/strong> ist am 17.08.2024 mit dem Fahrrad gest\u00fcrzt. Dabei hat er sich den linken Oberschenkelhals gebrochen. Die Knochen wurden mit &#8222;Metall&#8220; zusammengeschraubt.&nbsp;Da Autofahren f\u00fcr ihn noch tabu ist, konnte er nicht zum Maturatreffen kommen. Er r\u00e4t uns vorsichtig zu sein, da unsere Knochen nicht mehr so stark sind, und ganz speziell&nbsp; &#8211; nicht auf die H\u00fcfte fallen.&nbsp;Er gr\u00fc\u00dft uns alle sehr herzlich!<\/p>\n\n\n\n<p><strong>Viktor Lang<\/strong> kann bedauerlicher Weise aus terminlichen Gr\u00fcnden nicht am Treffen teilnehmen. Er schl\u00e4gt vor, das n\u00e4chste Treffen schon fr\u00fcher als in f\u00fcnf Jahren zu organisieren. Er w\u00fcnscht allen alles Gute, Gesundheit und viel Lebensqualit\u00e4t!<\/p>\n\n\n\n<p><strong>Edeltraud Beisteiner<\/strong> (Mattes) kann nicht kommen, weil sie gerade an Schnupfen und Husten leidet, der Hals tut ihr weh und das Sprechen strengt sie an. Sie w\u00fcnscht sich, dass die n\u00e4chsten Treffen in k\u00fcrzerem Abstand stattfinden. Sie freut sich n\u00e4chstes Mal kommen zu k\u00f6nnen und gr\u00fc\u00dft alle ganz herzlich!<\/p>\n\n\n\n<p><strong>Fritz Loderbauer<\/strong> kann leider nicht am Maturatreffen teilnehmen. Er ist wegen einer Verletzung in Dauerbehandlung und hat mit der H\u00fcfte gro\u00dfe Probleme. Diese wird erst nach der Heilung seiner Verletzung operiert. Er hofft beim n\u00e4chsten Treffen wieder dabei zu sein und sendet allen liebe Gr\u00fc\u00dfe<\/p>\n\n\n\n<p><strong>Josefa Traunwieser<\/strong> (Baumgartner) kann leider wegen eines Krankenhaustermins nicht zum Treffen kommen.<\/p>\n\n\n\n<p><strong>Hans Jahoda<\/strong> konnten wir pers\u00f6nlich nicht erreichen. Von seiner Frau erfuhren wir, dass er in einem Pflegeheim betreut wird, manchmal aber auch zu Hause. Zum Treffen kann er bedauerlicherweise nicht kommen.<\/p>\n\n\n\n<p><strong>Gerti Zehetner<\/strong> kann nicht zum Treffen kommen, weil sie ihren Mann zur Reha begleitet. Sie w\u00fcnscht allen eine nette, unterhaltsame Zusammenkunft und allen Mitsch\u00fclerInnen viel Gesundheit f\u00fcr die Zukunft!<\/p>\n\n\n\n<p><strong>Helmut Aumeir<\/strong>, unser Jimmy, kann wegen Problemen mit seinen H\u00fcftgelenken leider nicht zu unserem Treffen kommen. Das tut ihm und nat\u00fcrlich auch uns sehr leid, er wird aber gedanklich dabei sein, denn eine solch lange gemeinsame Zeit bis zum Abschlu\u00df in der HAK vergisst niemand. Er hat die folgenden Fotos geschickt und hofft, wir erkennen ihn darauf. Die beiden Schulkollegen aus Helloween sind ihm nicht bekannt, oder haben wir sie in unserer damaligen Klasse schon gesehen? Er glaubt das verrunzelte 75-j\u00e4hrige Gesicht l\u00e4sst die \u201cgoose bumps\u201d auf unserer Haut erscheinen. Dann wei\u00df er, wir denken an ihn!<\/p>\n\n\n\n<figure class=\"wp-block-gallery has-nested-images columns-default is-cropped wp-block-gallery-3 is-layout-flex wp-block-gallery-is-layout-flex\">\n<figure class=\"wp-block-image size-full\"><a href=\"https:\/\/demj.bplaced.net\/wordpress\/wp-content\/uploads\/2024\/10\/Aumeir-Helmut.jpg\"><img loading=\"lazy\" decoding=\"async\" width=\"853\" height=\"484\" data-id=\"437\" src=\"https:\/\/demj.bplaced.net\/wordpress\/wp-content\/uploads\/2024\/10\/Aumeir-Helmut.jpg\" alt=\"\" class=\"wp-image-437\" srcset=\"https:\/\/demj.bplaced.net\/wordpress\/wp-content\/uploads\/2024\/10\/Aumeir-Helmut.jpg 853w, https:\/\/demj.bplaced.net\/wordpress\/wp-content\/uploads\/2024\/10\/Aumeir-Helmut-300x170.jpg 300w, https:\/\/demj.bplaced.net\/wordpress\/wp-content\/uploads\/2024\/10\/Aumeir-Helmut-768x436.jpg 768w\" sizes=\"auto, (max-width: 853px) 100vw, 853px\" \/><\/a><\/figure>\n<\/figure>\n\n\n\n<p>Kommentar von seinem langj\u00e4hrigen Sitznachbar Demi: Es ist erfreulich, dass Jimmy immer noch f\u00fcr jeden &#8222;Bl\u00f6dsinn&#8220; zu haben ist, wie unser Klassenvorstand &#8222;Willi&#8220; es nennen w\u00fcrde.<\/p>\n\n\n\n<p><\/p>\n\n\n\n<p>.&nbsp;<\/p>\n","protected":false},"excerpt":{"rendered":"<p>Auf dem ersten Foto sind jene abgebildet, die am Treffen am 17. Oktober 2024 im Gasthaus Irger in Wels teilgenommen haben. Sie gr\u00fc\u00dfen all jene, die nicht teilnehmen konnten und w\u00fcnschen ihnen alles Gute! Fotos k\u00f6nnen durch Klicken oder Tippen darauf vergr\u00f6\u00dfert werden. Wolfgang Hummer ist am 17.08.2024 mit dem Fahrrad gest\u00fcrzt. Dabei hat er [&hellip;]<\/p>\n","protected":false},"author":1,"featured_media":0,"parent":0,"menu_order":0,"comment_status":"closed","ping_status":"closed","template":"","meta":{"footnotes":""},"class_list":["post-434","page","type-page","status-publish","hentry"],"_links":{"self":[{"href":"https:\/\/demj.bplaced.net\/wordpress\/wp-json\/wp\/v2\/pages\/434","targetHints":{"allow":["GET"]}}],"collection":[{"href":"https:\/\/demj.bplaced.net\/wordpress\/wp-json\/wp\/v2\/pages"}],"about":[{"href":"https:\/\/demj.bplaced.net\/wordpress\/wp-json\/wp\/v2\/types\/page"}],"author":[{"embeddable":true,"href":"https:\/\/demj.bplaced.net\/wordpress\/wp-json\/wp\/v2\/users\/1"}],"replies":[{"embeddable":true,"href":"https:\/\/demj.bplaced.net\/wordpress\/wp-json\/wp\/v2\/comments?post=434"}],"version-history":[{"count":24,"href":"https:\/\/demj.bplaced.net\/wordpress\/wp-json\/wp\/v2\/pages\/434\/revisions"}],"predecessor-version":[{"id":493,"href":"https:\/\/demj.bplaced.net\/wordpress\/wp-json\/wp\/v2\/pages\/434\/revisions\/493"}],"wp:attachment":[{"href":"https:\/\/demj.bplaced.net\/wordpress\/wp-json\/wp\/v2\/media?parent=434"}],"curies":[{"name":"wp","href":"https:\/\/api.w.org\/{rel}","templated":true}]}}